{"id":98,"date":"2013-03-07T20:22:02","date_gmt":"2013-03-07T20:22:02","guid":{"rendered":"http:\/\/www.it-schillo.de\/fotostudio\/?page_id=98"},"modified":"2023-01-27T10:24:11","modified_gmt":"2023-01-27T09:24:11","slug":"rechtliches-haftungsausschluss-fotostudio-tina-mann-saarland","status":"publish","type":"page","link":"https:\/\/www.fotostudio-tinamann.de\/?page_id=98","title":{"rendered":"Rechtliches"},"content":{"rendered":"<p>S\u00e4mtliche Fotos dieser Internetpr\u00e4senz unterliegen dem Urheberrecht von Tina Mann und d\u00fcrfen in keinster Weise ohne Zustimmung oder Lizensierung kopiert, verkauft oder auf andere Weise genutzt werden.<\/p>\n<h2>Haftungsausschluss<span style=\"text-decoration: underline;\"><br \/>\n<\/span><\/h2>\n<p>Der Betreiber dieser Domain distanziert sich ausdr\u00fccklich von den Inhalten verlinkter Seiten anderer Domains und macht sich diese weder inhaltlich noch in anderer Weise zu eigen. Die Verantwortung von verlinkten Seiten bzw. deren Inhalten liegt allein beim jeweiligen Betreiber.<\/p>\n<p><a href=\"https:\/\/www.fotostudio-tinamann.de\/?page_id=23\">Impressum und Datenschutz<\/a><\/p>\n","protected":false},"excerpt":{"rendered":"<p>S\u00e4mtliche Fotos dieser Internetpr\u00e4senz unterliegen dem Urheberrecht von Tina Mann und d\u00fcrfen in keinster Weise ohne Zustimmung oder Lizensierung kopiert, verkauft oder auf andere Weise genutzt werden. Haftungsausschluss Der Betreiber dieser Domain distanziert sich ausdr\u00fccklich von den Inhalten verlinkter Seiten anderer Domains und macht sich diese weder inhaltlich noch in anderer Weise zu eigen. Die [&hellip;]<\/p>\n","protected":false},"author":2,"featured_media":0,"parent":0,"menu_order":0,"comment_status":"closed","ping_status":"closed","template":"page-templates\/front-page.php","meta":{"footnotes":""},"class_list":["post-98","page","type-page","status-publish","hentry"],"yoast_head":"<!-- This site is optimized with the Yoast SEO plugin v27.1.1 - https:\/\/yoast.com\/product\/yoast-seo-wordpress\/ -->\n<title>Rechtliches - Haftungsausschluss - Fotostudio Tina Mann - Wadern<\/title>\n<meta name=\"description\" content=\"Rechtliche Informationen \u00fcber Urheberrecht und Haftungsausschluss\" \/>\n<meta name=\"robots\" content=\"index, follow, max-snippet:-1, max-image-preview:large, max-video-preview:-1\" \/>\n<link rel=\"canonical\" href=\"https:\/\/www.fotostudio-tinamann.de\/?page_id=98\" \/>\n<meta property=\"og:locale\" content=\"de_DE\" \/>\n<meta property=\"og:type\" content=\"article\" \/>\n<meta property=\"og:title\" content=\"Rechtliches - Haftungsausschluss - Fotostudio Tina Mann - Wadern\" \/>\n<meta property=\"og:description\" content=\"Rechtliche Informationen \u00fcber Urheberrecht und Haftungsausschluss\" \/>\n<meta property=\"og:url\" content=\"https:\/\/www.fotostudio-tinamann.de\/?page_id=98\" \/>\n<meta property=\"article:publisher\" content=\"https:\/\/www.facebook.com\/Fotostudio-Tina-Mann-266855836793786\" \/>\n<meta property=\"article:modified_time\" content=\"2023-01-27T09:24:11+00:00\" \/>\n<meta name=\"twitter:card\" content=\"summary_large_image\" \/>\n<meta name=\"twitter:label1\" content=\"Gesch\u00e4tzte Lesezeit\" \/>\n\t<meta name=\"twitter:data1\" content=\"1\u00a0Minute\" \/>\n<script type=\"application\/ld+json\" class=\"yoast-schema-graph\">{\"@context\":\"https:\/\/schema.org\",\"@graph\":[{\"@type\":\"WebPage\",\"@id\":\"https:\/\/www.fotostudio-tinamann.de\/?page_id=98\",\"url\":\"https:\/\/www.fotostudio-tinamann.de\/?page_id=98\",\"name\":\"Rechtliches - Haftungsausschluss - Fotostudio Tina Mann - Wadern\",\"isPartOf\":{\"@id\":\"https:\/\/www.fotostudio-tinamann.de\/#website\"},\"datePublished\":\"2013-03-07T20:22:02+00:00\",\"dateModified\":\"2023-01-27T09:24:11+00:00\",\"description\":\"Rechtliche Informationen \u00fcber Urheberrecht und Haftungsausschluss\",\"breadcrumb\":{\"@id\":\"https:\/\/www.fotostudio-tinamann.de\/?page_id=98#breadcrumb\"},\"inLanguage\":\"de\",\"potentialAction\":[{\"@type\":\"ReadAction\",\"target\":[\"https:\/\/www.fotostudio-tinamann.de\/?page_id=98\"]}]},{\"@type\":\"BreadcrumbList\",\"@id\":\"https:\/\/www.fotostudio-tinamann.de\/?page_id=98#breadcrumb\",\"itemListElement\":[{\"@type\":\"ListItem\",\"position\":1,\"name\":\"Startseite\",\"item\":\"https:\/\/www.fotostudio-tinamann.de\/\"},{\"@type\":\"ListItem\",\"position\":2,\"name\":\"Rechtliches\"}]},{\"@type\":\"WebSite\",\"@id\":\"https:\/\/www.fotostudio-tinamann.de\/#website\",\"url\":\"https:\/\/www.fotostudio-tinamann.de\/\",\"name\":\"Fotostudio Tina Mann\",\"description\":\"\",\"publisher\":{\"@id\":\"https:\/\/www.fotostudio-tinamann.de\/#organization\"},\"potentialAction\":[{\"@type\":\"SearchAction\",\"target\":{\"@type\":\"EntryPoint\",\"urlTemplate\":\"https:\/\/www.fotostudio-tinamann.de\/?s={search_term_string}\"},\"query-input\":{\"@type\":\"PropertyValueSpecification\",\"valueRequired\":true,\"valueName\":\"search_term_string\"}}],\"inLanguage\":\"de\"},{\"@type\":\"Organization\",\"@id\":\"https:\/\/www.fotostudio-tinamann.de\/#organization\",\"name\":\"Fotostudio Tina Mann\",\"url\":\"https:\/\/www.fotostudio-tinamann.de\/\",\"logo\":{\"@type\":\"ImageObject\",\"inLanguage\":\"de\",\"@id\":\"https:\/\/www.fotostudio-tinamann.de\/#\/schema\/logo\/image\/\",\"url\":\"https:\/\/www.fotostudio-tinamann.de\/wp-content\/uploads\/2020\/02\/Bildschirmfoto-2020-02-12-um-21.04.10.png\",\"contentUrl\":\"https:\/\/www.fotostudio-tinamann.de\/wp-content\/uploads\/2020\/02\/Bildschirmfoto-2020-02-12-um-21.04.10.png\",\"width\":842,\"height\":106,\"caption\":\"Fotostudio Tina Mann\"},\"image\":{\"@id\":\"https:\/\/www.fotostudio-tinamann.de\/#\/schema\/logo\/image\/\"},\"sameAs\":[\"https:\/\/www.facebook.com\/Fotostudio-Tina-Mann-266855836793786\"]}]}<\/script>\n<!-- \/ Yoast SEO plugin. -->","yoast_head_json":{"title":"Rechtliches - Haftungsausschluss - Fotostudio Tina Mann - Wadern","description":"Rechtliche Informationen \u00fcber Urheberrecht und Haftungsausschluss","robots":{"index":"index","follow":"follow","max-snippet":"max-snippet:-1","max-image-preview":"max-image-preview:large","max-video-preview":"max-video-preview:-1"},"canonical":"https:\/\/www.fotostudio-tinamann.de\/?page_id=98","og_locale":"de_DE","og_type":"article","og_title":"Rechtliches - Haftungsausschluss - Fotostudio Tina Mann - Wadern","og_description":"Rechtliche Informationen \u00fcber Urheberrecht und Haftungsausschluss","og_url":"https:\/\/www.fotostudio-tinamann.de\/?page_id=98","article_publisher":"https:\/\/www.facebook.com\/Fotostudio-Tina-Mann-266855836793786","article_modified_time":"2023-01-27T09:24:11+00:00","twitter_card":"summary_large_image","twitter_misc":{"Gesch\u00e4tzte Lesezeit":"1\u00a0Minute"},"schema":{"@context":"https:\/\/schema.org","@graph":[{"@type":"WebPage","@id":"https:\/\/www.fotostudio-tinamann.de\/?page_id=98","url":"https:\/\/www.fotostudio-tinamann.de\/?page_id=98","name":"Rechtliches - Haftungsausschluss - Fotostudio Tina Mann - Wadern","isPartOf":{"@id":"https:\/\/www.fotostudio-tinamann.de\/#website"},"datePublished":"2013-03-07T20:22:02+00:00","dateModified":"2023-01-27T09:24:11+00:00","description":"Rechtliche Informationen \u00fcber Urheberrecht und Haftungsausschluss","breadcrumb":{"@id":"https:\/\/www.fotostudio-tinamann.de\/?page_id=98#breadcrumb"},"inLanguage":"de","potentialAction":[{"@type":"ReadAction","target":["https:\/\/www.fotostudio-tinamann.de\/?page_id=98"]}]},{"@type":"BreadcrumbList","@id":"https:\/\/www.fotostudio-tinamann.de\/?page_id=98#breadcrumb","itemListElement":[{"@type":"ListItem","position":1,"name":"Startseite","item":"https:\/\/www.fotostudio-tinamann.de\/"},{"@type":"ListItem","position":2,"name":"Rechtliches"}]},{"@type":"WebSite","@id":"https:\/\/www.fotostudio-tinamann.de\/#website","url":"https:\/\/www.fotostudio-tinamann.de\/","name":"Fotostudio Tina Mann","description":"","publisher":{"@id":"https:\/\/www.fotostudio-tinamann.de\/#organization"},"potentialAction":[{"@type":"SearchAction","target":{"@type":"EntryPoint","urlTemplate":"https:\/\/www.fotostudio-tinamann.de\/?s={search_term_string}"},"query-input":{"@type":"PropertyValueSpecification","valueRequired":true,"valueName":"search_term_string"}}],"inLanguage":"de"},{"@type":"Organization","@id":"https:\/\/www.fotostudio-tinamann.de\/#organization","name":"Fotostudio Tina Mann","url":"https:\/\/www.fotostudio-tinamann.de\/","logo":{"@type":"ImageObject","inLanguage":"de","@id":"https:\/\/www.fotostudio-tinamann.de\/#\/schema\/logo\/image\/","url":"https:\/\/www.fotostudio-tinamann.de\/wp-content\/uploads\/2020\/02\/Bildschirmfoto-2020-02-12-um-21.04.10.png","contentUrl":"https:\/\/www.fotostudio-tinamann.de\/wp-content\/uploads\/2020\/02\/Bildschirmfoto-2020-02-12-um-21.04.10.png","width":842,"height":106,"caption":"Fotostudio Tina Mann"},"image":{"@id":"https:\/\/www.fotostudio-tinamann.de\/#\/schema\/logo\/image\/"},"sameAs":["https:\/\/www.facebook.com\/Fotostudio-Tina-Mann-266855836793786"]}]}},"_links":{"self":[{"href":"https:\/\/www.fotostudio-tinamann.de\/index.php?rest_route=\/wp\/v2\/pages\/98","targetHints":{"allow":["GET"]}}],"collection":[{"href":"https:\/\/www.fotostudio-tinamann.de\/index.php?rest_route=\/wp\/v2\/pages"}],"about":[{"href":"https:\/\/www.fotostudio-tinamann.de\/index.php?rest_route=\/wp\/v2\/types\/page"}],"author":[{"embeddable":true,"href":"https:\/\/www.fotostudio-tinamann.de\/index.php?rest_route=\/wp\/v2\/users\/2"}],"replies":[{"embeddable":true,"href":"https:\/\/www.fotostudio-tinamann.de\/index.php?rest_route=%2Fwp%2Fv2%2Fcomments&post=98"}],"version-history":[{"count":7,"href":"https:\/\/www.fotostudio-tinamann.de\/index.php?rest_route=\/wp\/v2\/pages\/98\/revisions"}],"predecessor-version":[{"id":2919,"href":"https:\/\/www.fotostudio-tinamann.de\/index.php?rest_route=\/wp\/v2\/pages\/98\/revisions\/2919"}],"wp:attachment":[{"href":"https:\/\/www.fotostudio-tinamann.de\/index.php?rest_route=%2Fwp%2Fv2%2Fmedia&parent=98"}],"curies":[{"name":"wp","href":"https:\/\/api.w.org\/{rel}","templated":true}]}}