{"id":75,"date":"2013-03-05T21:02:28","date_gmt":"2013-03-05T21:02:28","guid":{"rendered":"http:\/\/www.it-schillo.de\/fotostudio\/?page_id=75"},"modified":"2026-01-27T12:22:00","modified_gmt":"2026-01-27T11:22:00","slug":"anfahrt-wie-komme-ich-zum-fotostudio-tina-mann-wadern-saarland-www-fotostudio-tinamann-de","status":"publish","type":"page","link":"https:\/\/www.fotostudio-tinamann.de\/?page_id=75","title":{"rendered":"Anfahrt zum Fotostudio Tina Mann in Wadern"},"content":{"rendered":"\n<p>Mein Studio befindet sich etwas oberhalb, auf der gegen\u00fcber liegenden Stra\u00dfenseite der Katholischen Kirche in Wadern. Es ist leicht zu finden, gut erreichbar und direkt vor dem Haus stehen Parkm\u00f6glichkeiten zur Verf\u00fcgung.<\/p>\n\n\n\n<p>Adresse: Fotostudio Tina Mann &#8211; An der Kirche 11 &#8211; 66687 Wadern<\/p>\n\n\n\n<p>Ich bin viel unterwegs und arbeite ausschlie\u00dflich auf Termin. Daher melde dich bitte vorher rechtzeitig und vereinbare diesen mit mir.<\/p>\n\n\n\n<div class=\"wp-block-buttons is-layout-flex wp-block-buttons-is-layout-flex\">\n<div class=\"wp-block-button\"><a class=\"wp-block-button__link wp-element-button\">Jetzt Termin vereinbaren<\/a><\/div>\n<\/div>\n\n\n<p><iframe loading=\"lazy\" style=\"border: 0;\" src=\"https:\/\/www.google.com\/maps\/embed?pb=!1m18!1m12!1m3!1d2589.151640505296!2d6.8896!3d49.53829!2m3!1f0!2f0!3f0!3m2!1i1024!2i768!4f13.1!3m3!1m2!1s0x47959910be794139%3A0xf5121d5741e8d0ec!2sAn+der+Kirche+11%2C+66687+Wadern!5e0!3m2!1sde!2sde!4v1391416666357\" width=\"600\" height=\"450\" frameborder=\"0\"><\/iframe><\/p>\n\n\n<figure class=\"wp-block-image size-large is-resized\"><a href=\"https:\/\/www.fotostudio-tinamann.de\/wp-content\/uploads\/2026\/01\/FotostudioTinaMann_6240.jpg\"><img loading=\"lazy\" decoding=\"async\" width=\"1024\" height=\"739\" src=\"https:\/\/www.fotostudio-tinamann.de\/wp-content\/uploads\/2026\/01\/FotostudioTinaMann_6240-1024x739.jpg\" alt=\"Fotostudio Tina Mann in Wadern - Au\u00dfenansicht mit Eingang und Parkm\u00f6glichkeiten\" class=\"wp-image-3140\" style=\"aspect-ratio:1.3856935078672485;width:604px;height:auto\" srcset=\"https:\/\/www.fotostudio-tinamann.de\/wp-content\/uploads\/2026\/01\/FotostudioTinaMann_6240-1024x739.jpg 1024w, https:\/\/www.fotostudio-tinamann.de\/wp-content\/uploads\/2026\/01\/FotostudioTinaMann_6240-300x217.jpg 300w, https:\/\/www.fotostudio-tinamann.de\/wp-content\/uploads\/2026\/01\/FotostudioTinaMann_6240-768x555.jpg 768w, https:\/\/www.fotostudio-tinamann.de\/wp-content\/uploads\/2026\/01\/FotostudioTinaMann_6240-647x467.jpg 647w, https:\/\/www.fotostudio-tinamann.de\/wp-content\/uploads\/2026\/01\/FotostudioTinaMann_6240-1536x1109.jpg 1536w, https:\/\/www.fotostudio-tinamann.de\/wp-content\/uploads\/2026\/01\/FotostudioTinaMann_6240-2048x1479.jpg 2048w, https:\/\/www.fotostudio-tinamann.de\/wp-content\/uploads\/2026\/01\/FotostudioTinaMann_6240-624x451.jpg 624w\" sizes=\"auto, (max-width: 1024px) 100vw, 1024px\" \/><\/a><\/figure>\n","protected":false},"excerpt":{"rendered":"<p>Mein Studio befindet sich etwas oberhalb, auf der gegen\u00fcber liegenden Stra\u00dfenseite der Katholischen Kirche in Wadern. Es ist leicht zu finden, gut erreichbar und direkt vor dem Haus stehen Parkm\u00f6glichkeiten zur Verf\u00fcgung. Adresse: Fotostudio Tina Mann &#8211; An der Kirche 11 &#8211; 66687 Wadern Ich bin viel unterwegs und arbeite ausschlie\u00dflich auf Termin. Daher melde [&hellip;]<\/p>\n","protected":false},"author":2,"featured_media":0,"parent":0,"menu_order":0,"comment_status":"closed","ping_status":"closed","template":"page-templates\/front-page.php","meta":{"footnotes":""},"class_list":["post-75","page","type-page","status-publish","hentry"],"yoast_head":"<!-- This site is optimized with the Yoast SEO plugin v27.1.1 - https:\/\/yoast.com\/product\/yoast-seo-wordpress\/ -->\n<title>Anfahrt zum Fotostudio Tina Mann in Wadern - So findest zu mich<\/title>\n<meta name=\"description\" content=\"Anfahrt zum Fotostudio Tina Mann in Wadern: Mein Studio liegt etwas oberhalb der katholischen Kirche. Parkpl\u00e4tze direkt vor dem Haus.\" \/>\n<meta name=\"robots\" content=\"index, follow, max-snippet:-1, max-image-preview:large, max-video-preview:-1\" \/>\n<link rel=\"canonical\" href=\"https:\/\/www.fotostudio-tinamann.de\/?page_id=75\" \/>\n<meta property=\"og:locale\" content=\"de_DE\" \/>\n<meta property=\"og:type\" content=\"article\" \/>\n<meta property=\"og:title\" content=\"Anfahrt zum Fotostudio Tina Mann in Wadern - So findest zu mich\" \/>\n<meta property=\"og:description\" content=\"Anfahrt zum Fotostudio Tina Mann in Wadern: Mein Studio liegt etwas oberhalb der katholischen Kirche. Parkpl\u00e4tze direkt vor dem Haus.\" \/>\n<meta property=\"og:url\" content=\"https:\/\/www.fotostudio-tinamann.de\/?page_id=75\" \/>\n<meta property=\"article:publisher\" content=\"https:\/\/www.facebook.com\/Fotostudio-Tina-Mann-266855836793786\" \/>\n<meta property=\"article:modified_time\" content=\"2026-01-27T11:22:00+00:00\" \/>\n<meta property=\"og:image\" content=\"https:\/\/www.fotostudio-tinamann.de\/wp-content\/uploads\/2026\/01\/FotostudioTinaMann_6240.jpg\" \/>\n\t<meta property=\"og:image:width\" content=\"2126\" \/>\n\t<meta property=\"og:image:height\" content=\"1535\" \/>\n\t<meta property=\"og:image:type\" content=\"image\/jpeg\" \/>\n<meta name=\"twitter:card\" content=\"summary_large_image\" \/>\n<meta name=\"twitter:label1\" content=\"Gesch\u00e4tzte Lesezeit\" \/>\n\t<meta name=\"twitter:data1\" content=\"1\u00a0Minute\" \/>\n<script type=\"application\/ld+json\" class=\"yoast-schema-graph\">{\"@context\":\"https:\/\/schema.org\",\"@graph\":[{\"@type\":\"WebPage\",\"@id\":\"https:\/\/www.fotostudio-tinamann.de\/?page_id=75\",\"url\":\"https:\/\/www.fotostudio-tinamann.de\/?page_id=75\",\"name\":\"Anfahrt zum Fotostudio Tina Mann in Wadern - So findest zu mich\",\"isPartOf\":{\"@id\":\"https:\/\/www.fotostudio-tinamann.de\/#website\"},\"primaryImageOfPage\":{\"@id\":\"https:\/\/www.fotostudio-tinamann.de\/?page_id=75#primaryimage\"},\"image\":{\"@id\":\"https:\/\/www.fotostudio-tinamann.de\/?page_id=75#primaryimage\"},\"thumbnailUrl\":\"https:\/\/www.fotostudio-tinamann.de\/wp-content\/uploads\/2026\/01\/FotostudioTinaMann_6240-1024x739.jpg\",\"datePublished\":\"2013-03-05T21:02:28+00:00\",\"dateModified\":\"2026-01-27T11:22:00+00:00\",\"description\":\"Anfahrt zum Fotostudio Tina Mann in Wadern: Mein Studio liegt etwas oberhalb der katholischen Kirche. Parkpl\u00e4tze direkt vor dem Haus.\",\"breadcrumb\":{\"@id\":\"https:\/\/www.fotostudio-tinamann.de\/?page_id=75#breadcrumb\"},\"inLanguage\":\"de\",\"potentialAction\":[{\"@type\":\"ReadAction\",\"target\":[\"https:\/\/www.fotostudio-tinamann.de\/?page_id=75\"]}]},{\"@type\":\"ImageObject\",\"inLanguage\":\"de\",\"@id\":\"https:\/\/www.fotostudio-tinamann.de\/?page_id=75#primaryimage\",\"url\":\"https:\/\/www.fotostudio-tinamann.de\/wp-content\/uploads\/2026\/01\/FotostudioTinaMann_6240.jpg\",\"contentUrl\":\"https:\/\/www.fotostudio-tinamann.de\/wp-content\/uploads\/2026\/01\/FotostudioTinaMann_6240.jpg\",\"width\":2126,\"height\":1535},{\"@type\":\"BreadcrumbList\",\"@id\":\"https:\/\/www.fotostudio-tinamann.de\/?page_id=75#breadcrumb\",\"itemListElement\":[{\"@type\":\"ListItem\",\"position\":1,\"name\":\"Startseite\",\"item\":\"https:\/\/www.fotostudio-tinamann.de\/\"},{\"@type\":\"ListItem\",\"position\":2,\"name\":\"Anfahrt zum Fotostudio Tina Mann in Wadern\"}]},{\"@type\":\"WebSite\",\"@id\":\"https:\/\/www.fotostudio-tinamann.de\/#website\",\"url\":\"https:\/\/www.fotostudio-tinamann.de\/\",\"name\":\"Fotostudio Tina Mann\",\"description\":\"\",\"publisher\":{\"@id\":\"https:\/\/www.fotostudio-tinamann.de\/#organization\"},\"potentialAction\":[{\"@type\":\"SearchAction\",\"target\":{\"@type\":\"EntryPoint\",\"urlTemplate\":\"https:\/\/www.fotostudio-tinamann.de\/?s={search_term_string}\"},\"query-input\":{\"@type\":\"PropertyValueSpecification\",\"valueRequired\":true,\"valueName\":\"search_term_string\"}}],\"inLanguage\":\"de\"},{\"@type\":\"Organization\",\"@id\":\"https:\/\/www.fotostudio-tinamann.de\/#organization\",\"name\":\"Fotostudio Tina Mann\",\"url\":\"https:\/\/www.fotostudio-tinamann.de\/\",\"logo\":{\"@type\":\"ImageObject\",\"inLanguage\":\"de\",\"@id\":\"https:\/\/www.fotostudio-tinamann.de\/#\/schema\/logo\/image\/\",\"url\":\"https:\/\/www.fotostudio-tinamann.de\/wp-content\/uploads\/2020\/02\/Bildschirmfoto-2020-02-12-um-21.04.10.png\",\"contentUrl\":\"https:\/\/www.fotostudio-tinamann.de\/wp-content\/uploads\/2020\/02\/Bildschirmfoto-2020-02-12-um-21.04.10.png\",\"width\":842,\"height\":106,\"caption\":\"Fotostudio Tina Mann\"},\"image\":{\"@id\":\"https:\/\/www.fotostudio-tinamann.de\/#\/schema\/logo\/image\/\"},\"sameAs\":[\"https:\/\/www.facebook.com\/Fotostudio-Tina-Mann-266855836793786\"]}]}<\/script>\n<!-- \/ Yoast SEO plugin. -->","yoast_head_json":{"title":"Anfahrt zum Fotostudio Tina Mann in Wadern - So findest zu mich","description":"Anfahrt zum Fotostudio Tina Mann in Wadern: Mein Studio liegt etwas oberhalb der katholischen Kirche. Parkpl\u00e4tze direkt vor dem Haus.","robots":{"index":"index","follow":"follow","max-snippet":"max-snippet:-1","max-image-preview":"max-image-preview:large","max-video-preview":"max-video-preview:-1"},"canonical":"https:\/\/www.fotostudio-tinamann.de\/?page_id=75","og_locale":"de_DE","og_type":"article","og_title":"Anfahrt zum Fotostudio Tina Mann in Wadern - So findest zu mich","og_description":"Anfahrt zum Fotostudio Tina Mann in Wadern: Mein Studio liegt etwas oberhalb der katholischen Kirche. Parkpl\u00e4tze direkt vor dem Haus.","og_url":"https:\/\/www.fotostudio-tinamann.de\/?page_id=75","article_publisher":"https:\/\/www.facebook.com\/Fotostudio-Tina-Mann-266855836793786","article_modified_time":"2026-01-27T11:22:00+00:00","og_image":[{"width":2126,"height":1535,"url":"https:\/\/www.fotostudio-tinamann.de\/wp-content\/uploads\/2026\/01\/FotostudioTinaMann_6240.jpg","type":"image\/jpeg"}],"twitter_card":"summary_large_image","twitter_misc":{"Gesch\u00e4tzte Lesezeit":"1\u00a0Minute"},"schema":{"@context":"https:\/\/schema.org","@graph":[{"@type":"WebPage","@id":"https:\/\/www.fotostudio-tinamann.de\/?page_id=75","url":"https:\/\/www.fotostudio-tinamann.de\/?page_id=75","name":"Anfahrt zum Fotostudio Tina Mann in Wadern - So findest zu mich","isPartOf":{"@id":"https:\/\/www.fotostudio-tinamann.de\/#website"},"primaryImageOfPage":{"@id":"https:\/\/www.fotostudio-tinamann.de\/?page_id=75#primaryimage"},"image":{"@id":"https:\/\/www.fotostudio-tinamann.de\/?page_id=75#primaryimage"},"thumbnailUrl":"https:\/\/www.fotostudio-tinamann.de\/wp-content\/uploads\/2026\/01\/FotostudioTinaMann_6240-1024x739.jpg","datePublished":"2013-03-05T21:02:28+00:00","dateModified":"2026-01-27T11:22:00+00:00","description":"Anfahrt zum Fotostudio Tina Mann in Wadern: Mein Studio liegt etwas oberhalb der katholischen Kirche. Parkpl\u00e4tze direkt vor dem Haus.","breadcrumb":{"@id":"https:\/\/www.fotostudio-tinamann.de\/?page_id=75#breadcrumb"},"inLanguage":"de","potentialAction":[{"@type":"ReadAction","target":["https:\/\/www.fotostudio-tinamann.de\/?page_id=75"]}]},{"@type":"ImageObject","inLanguage":"de","@id":"https:\/\/www.fotostudio-tinamann.de\/?page_id=75#primaryimage","url":"https:\/\/www.fotostudio-tinamann.de\/wp-content\/uploads\/2026\/01\/FotostudioTinaMann_6240.jpg","contentUrl":"https:\/\/www.fotostudio-tinamann.de\/wp-content\/uploads\/2026\/01\/FotostudioTinaMann_6240.jpg","width":2126,"height":1535},{"@type":"BreadcrumbList","@id":"https:\/\/www.fotostudio-tinamann.de\/?page_id=75#breadcrumb","itemListElement":[{"@type":"ListItem","position":1,"name":"Startseite","item":"https:\/\/www.fotostudio-tinamann.de\/"},{"@type":"ListItem","position":2,"name":"Anfahrt zum Fotostudio Tina Mann in Wadern"}]},{"@type":"WebSite","@id":"https:\/\/www.fotostudio-tinamann.de\/#website","url":"https:\/\/www.fotostudio-tinamann.de\/","name":"Fotostudio Tina Mann","description":"","publisher":{"@id":"https:\/\/www.fotostudio-tinamann.de\/#organization"},"potentialAction":[{"@type":"SearchAction","target":{"@type":"EntryPoint","urlTemplate":"https:\/\/www.fotostudio-tinamann.de\/?s={search_term_string}"},"query-input":{"@type":"PropertyValueSpecification","valueRequired":true,"valueName":"search_term_string"}}],"inLanguage":"de"},{"@type":"Organization","@id":"https:\/\/www.fotostudio-tinamann.de\/#organization","name":"Fotostudio Tina Mann","url":"https:\/\/www.fotostudio-tinamann.de\/","logo":{"@type":"ImageObject","inLanguage":"de","@id":"https:\/\/www.fotostudio-tinamann.de\/#\/schema\/logo\/image\/","url":"https:\/\/www.fotostudio-tinamann.de\/wp-content\/uploads\/2020\/02\/Bildschirmfoto-2020-02-12-um-21.04.10.png","contentUrl":"https:\/\/www.fotostudio-tinamann.de\/wp-content\/uploads\/2020\/02\/Bildschirmfoto-2020-02-12-um-21.04.10.png","width":842,"height":106,"caption":"Fotostudio Tina Mann"},"image":{"@id":"https:\/\/www.fotostudio-tinamann.de\/#\/schema\/logo\/image\/"},"sameAs":["https:\/\/www.facebook.com\/Fotostudio-Tina-Mann-266855836793786"]}]}},"_links":{"self":[{"href":"https:\/\/www.fotostudio-tinamann.de\/index.php?rest_route=\/wp\/v2\/pages\/75","targetHints":{"allow":["GET"]}}],"collection":[{"href":"https:\/\/www.fotostudio-tinamann.de\/index.php?rest_route=\/wp\/v2\/pages"}],"about":[{"href":"https:\/\/www.fotostudio-tinamann.de\/index.php?rest_route=\/wp\/v2\/types\/page"}],"author":[{"embeddable":true,"href":"https:\/\/www.fotostudio-tinamann.de\/index.php?rest_route=\/wp\/v2\/users\/2"}],"replies":[{"embeddable":true,"href":"https:\/\/www.fotostudio-tinamann.de\/index.php?rest_route=%2Fwp%2Fv2%2Fcomments&post=75"}],"version-history":[{"count":16,"href":"https:\/\/www.fotostudio-tinamann.de\/index.php?rest_route=\/wp\/v2\/pages\/75\/revisions"}],"predecessor-version":[{"id":3561,"href":"https:\/\/www.fotostudio-tinamann.de\/index.php?rest_route=\/wp\/v2\/pages\/75\/revisions\/3561"}],"wp:attachment":[{"href":"https:\/\/www.fotostudio-tinamann.de\/index.php?rest_route=%2Fwp%2Fv2%2Fmedia&parent=75"}],"curies":[{"name":"wp","href":"https:\/\/api.w.org\/{rel}","templated":true}]}}