{"id":73,"date":"2013-03-05T21:02:05","date_gmt":"2013-03-05T21:02:05","guid":{"rendered":"http:\/\/www.it-schillo.de\/fotostudio\/?page_id=73"},"modified":"2026-01-21T16:59:06","modified_gmt":"2026-01-21T15:59:06","slug":"kontakt-fotostudio-tina-mann-wadern-saarland","status":"publish","type":"page","link":"https:\/\/www.fotostudio-tinamann.de\/?page_id=73","title":{"rendered":"Kontakt"},"content":{"rendered":"\n<p><em>Fotostudio Tina Mann &#8211; Ich freue mich auf eure Nachricht &#8211; pers\u00f6nlich, unkomplziert &amp; herzlich<\/em><\/p>\n\n\n<p data-start=\"302\" data-end=\"656\"><em><strong>Meine<\/strong><strong> Lieb<\/strong><strong>en:<\/strong><\/em><\/p>\n<p data-start=\"302\" data-end=\"656\"><em><strong data-start=\"302\" data-end=\"346\">Ich freue mich sehr, dass ihr hier seid!<\/strong><\/em><\/p>\n<p data-start=\"302\" data-end=\"656\"><br data-start=\"346\" data-end=\"349\" \/>Wenn ihr Fragen zu meinen Shootings habt, mehr \u00fcber den Ablauf wissen m\u00f6chtet oder einfach einen Termin vereinbaren wollt \u2013 schreibt mir jederzeit ganz problemlos per e-Mail an: <a href=\"mailto:info@fotostudio-tinamann.de\">info@fotostudio-tinamann.de<\/a><br data-start=\"512\" data-end=\"515\" \/>Ich bin viel unterwegs und eure Nachrichten erreichen mich nicht immer sofort, aber ich melde mich zuverl\u00e4ssig und so schnell wie m\u00f6glich zur\u00fcck.<\/p>\n<p data-start=\"302\" data-end=\"656\">Nat\u00fcrlich k\u00f6nnt ihr mich auch telefonisch erreichen: +49 6871 9091922 (Falls ich gerade im Shooting oder unterwegs bin, sprecht mir bitte kurz auf die Sprachbox &#8211; ich rufe euch so schnell wie m\u00f6glich zur\u00fcck.<\/p>\n<p data-start=\"658\" data-end=\"745\">Lasst uns gemeinsam eure besonderen Momente festhalten.<br data-start=\"713\" data-end=\"716\" \/>Ich freue mich auf euch!<\/p>\n<p data-start=\"658\" data-end=\"745\">Herzlichst, eure Tina \ud83e\udd0d<\/p>\n<p>&nbsp;<\/p>","protected":false},"excerpt":{"rendered":"<p>Fotostudio Tina Mann &#8211; Ich freue mich auf eure Nachricht &#8211; pers\u00f6nlich, unkomplziert &amp; herzlich Meine Lieben: Ich freue mich sehr, dass ihr hier seid! Wenn ihr Fragen zu meinen Shootings habt, mehr \u00fcber den Ablauf wissen m\u00f6chtet oder einfach einen Termin vereinbaren wollt \u2013 schreibt mir jederzeit ganz problemlos per e-Mail an: info@fotostudio-tinamann.deIch bin [&hellip;]<\/p>\n","protected":false},"author":2,"featured_media":0,"parent":0,"menu_order":0,"comment_status":"closed","ping_status":"closed","template":"page-templates\/front-page.php","meta":{"footnotes":""},"class_list":["post-73","page","type-page","status-publish","hentry"],"yoast_head":"<!-- This site is optimized with the Yoast SEO plugin v27.3 - https:\/\/yoast.com\/product\/yoast-seo-wordpress\/ -->\n<title>Kontakt - Fotostudio Tina Mann - Wadern - Saarland<\/title>\n<meta name=\"description\" content=\"Ihr wollt mich erreichen? Hier findet ihr alle wichtigen Fotostudio Tina Mann Kontakt- Infos: am besten per e-Mail, alternativ telefonisch.\" \/>\n<meta name=\"robots\" content=\"index, follow, max-snippet:-1, max-image-preview:large, max-video-preview:-1\" \/>\n<link rel=\"canonical\" href=\"https:\/\/www.fotostudio-tinamann.de\/?page_id=73\" \/>\n<meta property=\"og:locale\" content=\"de_DE\" \/>\n<meta property=\"og:type\" content=\"article\" \/>\n<meta property=\"og:title\" content=\"Kontakt - Fotostudio Tina Mann - Wadern - Saarland\" \/>\n<meta property=\"og:description\" content=\"Ihr wollt mich erreichen? Hier findet ihr alle wichtigen Fotostudio Tina Mann Kontakt- Infos: am besten per e-Mail, alternativ telefonisch.\" \/>\n<meta property=\"og:url\" content=\"https:\/\/www.fotostudio-tinamann.de\/?page_id=73\" \/>\n<meta property=\"article:publisher\" content=\"https:\/\/www.facebook.com\/Fotostudio-Tina-Mann-266855836793786\" \/>\n<meta property=\"article:modified_time\" content=\"2026-01-21T15:59:06+00:00\" \/>\n<meta name=\"twitter:card\" content=\"summary_large_image\" \/>\n<meta name=\"twitter:label1\" content=\"Gesch\u00e4tzte Lesezeit\" \/>\n\t<meta name=\"twitter:data1\" content=\"1\u00a0Minute\" \/>\n<script type=\"application\/ld+json\" class=\"yoast-schema-graph\">{\"@context\":\"https:\\\/\\\/schema.org\",\"@graph\":[{\"@type\":\"WebPage\",\"@id\":\"https:\\\/\\\/www.fotostudio-tinamann.de\\\/?page_id=73\",\"url\":\"https:\\\/\\\/www.fotostudio-tinamann.de\\\/?page_id=73\",\"name\":\"Kontakt - Fotostudio Tina Mann - Wadern - Saarland\",\"isPartOf\":{\"@id\":\"https:\\\/\\\/www.fotostudio-tinamann.de\\\/#website\"},\"datePublished\":\"2013-03-05T21:02:05+00:00\",\"dateModified\":\"2026-01-21T15:59:06+00:00\",\"description\":\"Ihr wollt mich erreichen? Hier findet ihr alle wichtigen Fotostudio Tina Mann Kontakt- Infos: am besten per e-Mail, alternativ telefonisch.\",\"breadcrumb\":{\"@id\":\"https:\\\/\\\/www.fotostudio-tinamann.de\\\/?page_id=73#breadcrumb\"},\"inLanguage\":\"de\",\"potentialAction\":[{\"@type\":\"ReadAction\",\"target\":[\"https:\\\/\\\/www.fotostudio-tinamann.de\\\/?page_id=73\"]}]},{\"@type\":\"BreadcrumbList\",\"@id\":\"https:\\\/\\\/www.fotostudio-tinamann.de\\\/?page_id=73#breadcrumb\",\"itemListElement\":[{\"@type\":\"ListItem\",\"position\":1,\"name\":\"Startseite\",\"item\":\"https:\\\/\\\/www.fotostudio-tinamann.de\\\/\"},{\"@type\":\"ListItem\",\"position\":2,\"name\":\"Kontakt\"}]},{\"@type\":\"WebSite\",\"@id\":\"https:\\\/\\\/www.fotostudio-tinamann.de\\\/#website\",\"url\":\"https:\\\/\\\/www.fotostudio-tinamann.de\\\/\",\"name\":\"Fotostudio Tina Mann\",\"description\":\"\",\"publisher\":{\"@id\":\"https:\\\/\\\/www.fotostudio-tinamann.de\\\/#organization\"},\"potentialAction\":[{\"@type\":\"SearchAction\",\"target\":{\"@type\":\"EntryPoint\",\"urlTemplate\":\"https:\\\/\\\/www.fotostudio-tinamann.de\\\/?s={search_term_string}\"},\"query-input\":{\"@type\":\"PropertyValueSpecification\",\"valueRequired\":true,\"valueName\":\"search_term_string\"}}],\"inLanguage\":\"de\"},{\"@type\":\"Organization\",\"@id\":\"https:\\\/\\\/www.fotostudio-tinamann.de\\\/#organization\",\"name\":\"Fotostudio Tina Mann\",\"url\":\"https:\\\/\\\/www.fotostudio-tinamann.de\\\/\",\"logo\":{\"@type\":\"ImageObject\",\"inLanguage\":\"de\",\"@id\":\"https:\\\/\\\/www.fotostudio-tinamann.de\\\/#\\\/schema\\\/logo\\\/image\\\/\",\"url\":\"https:\\\/\\\/www.fotostudio-tinamann.de\\\/wp-content\\\/uploads\\\/2020\\\/02\\\/Bildschirmfoto-2020-02-12-um-21.04.10.png\",\"contentUrl\":\"https:\\\/\\\/www.fotostudio-tinamann.de\\\/wp-content\\\/uploads\\\/2020\\\/02\\\/Bildschirmfoto-2020-02-12-um-21.04.10.png\",\"width\":842,\"height\":106,\"caption\":\"Fotostudio Tina Mann\"},\"image\":{\"@id\":\"https:\\\/\\\/www.fotostudio-tinamann.de\\\/#\\\/schema\\\/logo\\\/image\\\/\"},\"sameAs\":[\"https:\\\/\\\/www.facebook.com\\\/Fotostudio-Tina-Mann-266855836793786\"]}]}<\/script>\n<!-- \/ Yoast SEO plugin. -->","yoast_head_json":{"title":"Kontakt - Fotostudio Tina Mann - Wadern - Saarland","description":"Ihr wollt mich erreichen? Hier findet ihr alle wichtigen Fotostudio Tina Mann Kontakt- Infos: am besten per e-Mail, alternativ telefonisch.","robots":{"index":"index","follow":"follow","max-snippet":"max-snippet:-1","max-image-preview":"max-image-preview:large","max-video-preview":"max-video-preview:-1"},"canonical":"https:\/\/www.fotostudio-tinamann.de\/?page_id=73","og_locale":"de_DE","og_type":"article","og_title":"Kontakt - Fotostudio Tina Mann - Wadern - Saarland","og_description":"Ihr wollt mich erreichen? Hier findet ihr alle wichtigen Fotostudio Tina Mann Kontakt- Infos: am besten per e-Mail, alternativ telefonisch.","og_url":"https:\/\/www.fotostudio-tinamann.de\/?page_id=73","article_publisher":"https:\/\/www.facebook.com\/Fotostudio-Tina-Mann-266855836793786","article_modified_time":"2026-01-21T15:59:06+00:00","twitter_card":"summary_large_image","twitter_misc":{"Gesch\u00e4tzte Lesezeit":"1\u00a0Minute"},"schema":{"@context":"https:\/\/schema.org","@graph":[{"@type":"WebPage","@id":"https:\/\/www.fotostudio-tinamann.de\/?page_id=73","url":"https:\/\/www.fotostudio-tinamann.de\/?page_id=73","name":"Kontakt - Fotostudio Tina Mann - Wadern - Saarland","isPartOf":{"@id":"https:\/\/www.fotostudio-tinamann.de\/#website"},"datePublished":"2013-03-05T21:02:05+00:00","dateModified":"2026-01-21T15:59:06+00:00","description":"Ihr wollt mich erreichen? Hier findet ihr alle wichtigen Fotostudio Tina Mann Kontakt- Infos: am besten per e-Mail, alternativ telefonisch.","breadcrumb":{"@id":"https:\/\/www.fotostudio-tinamann.de\/?page_id=73#breadcrumb"},"inLanguage":"de","potentialAction":[{"@type":"ReadAction","target":["https:\/\/www.fotostudio-tinamann.de\/?page_id=73"]}]},{"@type":"BreadcrumbList","@id":"https:\/\/www.fotostudio-tinamann.de\/?page_id=73#breadcrumb","itemListElement":[{"@type":"ListItem","position":1,"name":"Startseite","item":"https:\/\/www.fotostudio-tinamann.de\/"},{"@type":"ListItem","position":2,"name":"Kontakt"}]},{"@type":"WebSite","@id":"https:\/\/www.fotostudio-tinamann.de\/#website","url":"https:\/\/www.fotostudio-tinamann.de\/","name":"Fotostudio Tina Mann","description":"","publisher":{"@id":"https:\/\/www.fotostudio-tinamann.de\/#organization"},"potentialAction":[{"@type":"SearchAction","target":{"@type":"EntryPoint","urlTemplate":"https:\/\/www.fotostudio-tinamann.de\/?s={search_term_string}"},"query-input":{"@type":"PropertyValueSpecification","valueRequired":true,"valueName":"search_term_string"}}],"inLanguage":"de"},{"@type":"Organization","@id":"https:\/\/www.fotostudio-tinamann.de\/#organization","name":"Fotostudio Tina Mann","url":"https:\/\/www.fotostudio-tinamann.de\/","logo":{"@type":"ImageObject","inLanguage":"de","@id":"https:\/\/www.fotostudio-tinamann.de\/#\/schema\/logo\/image\/","url":"https:\/\/www.fotostudio-tinamann.de\/wp-content\/uploads\/2020\/02\/Bildschirmfoto-2020-02-12-um-21.04.10.png","contentUrl":"https:\/\/www.fotostudio-tinamann.de\/wp-content\/uploads\/2020\/02\/Bildschirmfoto-2020-02-12-um-21.04.10.png","width":842,"height":106,"caption":"Fotostudio Tina Mann"},"image":{"@id":"https:\/\/www.fotostudio-tinamann.de\/#\/schema\/logo\/image\/"},"sameAs":["https:\/\/www.facebook.com\/Fotostudio-Tina-Mann-266855836793786"]}]}},"_links":{"self":[{"href":"https:\/\/www.fotostudio-tinamann.de\/index.php?rest_route=\/wp\/v2\/pages\/73","targetHints":{"allow":["GET"]}}],"collection":[{"href":"https:\/\/www.fotostudio-tinamann.de\/index.php?rest_route=\/wp\/v2\/pages"}],"about":[{"href":"https:\/\/www.fotostudio-tinamann.de\/index.php?rest_route=\/wp\/v2\/types\/page"}],"author":[{"embeddable":true,"href":"https:\/\/www.fotostudio-tinamann.de\/index.php?rest_route=\/wp\/v2\/users\/2"}],"replies":[{"embeddable":true,"href":"https:\/\/www.fotostudio-tinamann.de\/index.php?rest_route=%2Fwp%2Fv2%2Fcomments&post=73"}],"version-history":[{"count":19,"href":"https:\/\/www.fotostudio-tinamann.de\/index.php?rest_route=\/wp\/v2\/pages\/73\/revisions"}],"predecessor-version":[{"id":3487,"href":"https:\/\/www.fotostudio-tinamann.de\/index.php?rest_route=\/wp\/v2\/pages\/73\/revisions\/3487"}],"wp:attachment":[{"href":"https:\/\/www.fotostudio-tinamann.de\/index.php?rest_route=%2Fwp%2Fv2%2Fmedia&parent=73"}],"curies":[{"name":"wp","href":"https:\/\/api.w.org\/{rel}","templated":true}]}}