{"id":3426,"date":"2026-01-21T13:09:37","date_gmt":"2026-01-21T12:09:37","guid":{"rendered":"https:\/\/www.fotostudio-tinamann.de\/?page_id=3426"},"modified":"2026-01-27T14:08:39","modified_gmt":"2026-01-27T13:08:39","slug":"fotostudio-tina-mann-in-wadern","status":"publish","type":"page","link":"https:\/\/www.fotostudio-tinamann.de\/","title":{"rendered":"Fotostudio Tina Mann &#8211; Wadern"},"content":{"rendered":"\n<figure class=\"wp-block-image size-full\"><a href=\"https:\/\/www.fotostudio-tinamann.de\/wp-content\/uploads\/2026\/01\/cropped-Elegantes-Fotostudio-Logo.jpg\"><img loading=\"lazy\" decoding=\"async\" width=\"933\" height=\"399\" src=\"https:\/\/www.fotostudio-tinamann.de\/wp-content\/uploads\/2026\/01\/cropped-Elegantes-Fotostudio-Logo.jpg\" alt=\"\" class=\"wp-image-3420\" srcset=\"https:\/\/www.fotostudio-tinamann.de\/wp-content\/uploads\/2026\/01\/cropped-Elegantes-Fotostudio-Logo.jpg 933w, https:\/\/www.fotostudio-tinamann.de\/wp-content\/uploads\/2026\/01\/cropped-Elegantes-Fotostudio-Logo-300x128.jpg 300w, https:\/\/www.fotostudio-tinamann.de\/wp-content\/uploads\/2026\/01\/cropped-Elegantes-Fotostudio-Logo-768x328.jpg 768w, https:\/\/www.fotostudio-tinamann.de\/wp-content\/uploads\/2026\/01\/cropped-Elegantes-Fotostudio-Logo-700x299.jpg 700w, https:\/\/www.fotostudio-tinamann.de\/wp-content\/uploads\/2026\/01\/cropped-Elegantes-Fotostudio-Logo-624x267.jpg 624w\" sizes=\"auto, (max-width: 933px) 100vw, 933px\" \/><\/a><\/figure>\n\n\n\n<p class=\"has-text-align-center header-adresse has-medium-font-size\">An der Kirche 11 \u00b7 66687 Wadern \u00b7 info@fotostudio-tinamann.de \u00b7 06871 9091922<\/p>\n\n\n<style type=\"text\/css\">\n#foogallery-gallery-3392 .fg-image { width: 300px; }\n#foogallery-gallery-3392 { --fg-gutter: 10px; }<\/style>\n\t\t\t<div class=\"foogallery foogallery-container foogallery-default foogallery-lightbox-foogallery fg-center fg-m-col2 fg-default fg-ready fg-light fg-shadow-medium fg-loading-default fg-loaded-fade-in fg-preset fg-brad fg-preset-small fg-preset fg-brad fg-preset-small\" id=\"foogallery-gallery-3392\" data-foogallery=\"{&quot;item&quot;:{&quot;showCaptionTitle&quot;:true,&quot;showCaptionDescription&quot;:true},&quot;lazy&quot;:true}\" style=\"--fg-title-line-clamp: 1; --fg-description-line-clamp: 2;\" >\n\t<div class=\"fg-item fg-type-image fg-idle\"><figure class=\"fg-item-inner\"><a data-attachment-id=\"3184\" data-type=\"image\" class=\"fg-thumb\"><span class=\"fg-image-wrap\"><img fetchpriority=\"high\" decoding=\"async\" alt=\"Kinderfotos in der Natur - Kleiner Junge beim Familienshooting in der Natur\" width=\"300\" height=\"300\" class=\"skip-lazy fg-image\" data-src-fg=\"https:\/\/www.fotostudio-tinamann.de\/wp-content\/uploads\/cache\/2026\/01\/FotostudioTinaMann_7357-e1767961795418\/1068809508.jpg\" src=\"data:image\/svg+xml,%3Csvg%20xmlns%3D%22http%3A%2F%2Fwww.w3.org%2F2000%2Fsvg%22%20width%3D%22300%22%20height%3D%22300%22%20viewBox%3D%220%200%20300%20300%22%3E%3C%2Fsvg%3E\" loading=\"eager\"><\/span><span class=\"fg-image-overlay\"><\/span><\/a><\/figure><div class=\"fg-loader\"><\/div><\/div><div class=\"fg-item fg-type-image fg-idle\"><figure class=\"fg-item-inner\"><a data-attachment-id=\"3388\" data-type=\"image\" class=\"fg-thumb\"><span class=\"fg-image-wrap\"><img decoding=\"async\" alt=\"Nat\u00fcrliche Familienaufnahmen in der Natur\" width=\"300\" height=\"300\" class=\"skip-lazy fg-image\" data-src-fg=\"https:\/\/www.fotostudio-tinamann.de\/wp-content\/uploads\/cache\/2026\/01\/FotostudioTinaMann_5190-1\/1018605316.jpg\" src=\"data:image\/svg+xml,%3Csvg%20xmlns%3D%22http%3A%2F%2Fwww.w3.org%2F2000%2Fsvg%22%20width%3D%22300%22%20height%3D%22300%22%20viewBox%3D%220%200%20300%20300%22%3E%3C%2Fsvg%3E\" loading=\"eager\"><\/span><span class=\"fg-image-overlay\"><\/span><\/a><\/figure><div class=\"fg-loader\"><\/div><\/div><div class=\"fg-item fg-type-image fg-idle\"><figure class=\"fg-item-inner\"><a data-attachment-id=\"3387\" data-type=\"image\" class=\"fg-thumb\"><span class=\"fg-image-wrap\"><img decoding=\"async\" alt=\"Nat\u00fcrliche Neugeborenenfotos im Studio\" width=\"300\" height=\"300\" class=\"skip-lazy fg-image\" data-src-fg=\"https:\/\/www.fotostudio-tinamann.de\/wp-content\/uploads\/cache\/2026\/01\/FotostudioTinaMann_3679\/4181376110.jpg\" src=\"data:image\/svg+xml,%3Csvg%20xmlns%3D%22http%3A%2F%2Fwww.w3.org%2F2000%2Fsvg%22%20width%3D%22300%22%20height%3D%22300%22%20viewBox%3D%220%200%20300%20300%22%3E%3C%2Fsvg%3E\" loading=\"eager\"><\/span><span class=\"fg-image-overlay\"><\/span><\/a><\/figure><div class=\"fg-loader\"><\/div><\/div><div class=\"fg-item fg-type-image fg-idle\"><figure class=\"fg-item-inner\"><a data-attachment-id=\"3393\" data-type=\"image\" class=\"fg-thumb\"><span class=\"fg-image-wrap\"><img decoding=\"async\" alt=\"Paarshooting in der Natur - Romantisches P\u00e4rchenfoto\" width=\"300\" height=\"300\" class=\"skip-lazy fg-image\" data-src-fg=\"https:\/\/www.fotostudio-tinamann.de\/wp-content\/uploads\/cache\/2026\/01\/FotostudioTinaMann_8393\/2685261121.jpg\" src=\"data:image\/svg+xml,%3Csvg%20xmlns%3D%22http%3A%2F%2Fwww.w3.org%2F2000%2Fsvg%22%20width%3D%22300%22%20height%3D%22300%22%20viewBox%3D%220%200%20300%20300%22%3E%3C%2Fsvg%3E\" loading=\"eager\"><\/span><span class=\"fg-image-overlay\"><\/span><\/a><\/figure><div class=\"fg-loader\"><\/div><\/div><div class=\"fg-item fg-type-image fg-idle\"><figure class=\"fg-item-inner\"><a data-attachment-id=\"3382\" data-type=\"image\" class=\"fg-thumb\"><span class=\"fg-image-wrap\"><img decoding=\"async\" alt=\"Hochzeitspaar im hohen Gras\" width=\"300\" height=\"300\" class=\"skip-lazy fg-image\" data-src-fg=\"https:\/\/www.fotostudio-tinamann.de\/wp-content\/uploads\/cache\/2026\/01\/FotostudioTinaMann_9543\/278898273.jpg\" src=\"data:image\/svg+xml,%3Csvg%20xmlns%3D%22http%3A%2F%2Fwww.w3.org%2F2000%2Fsvg%22%20width%3D%22300%22%20height%3D%22300%22%20viewBox%3D%220%200%20300%20300%22%3E%3C%2Fsvg%3E\" loading=\"eager\"><\/span><span class=\"fg-image-overlay\"><\/span><\/a><\/figure><div class=\"fg-loader\"><\/div><\/div><div class=\"fg-item fg-type-image fg-idle\"><figure class=\"fg-item-inner\"><a data-attachment-id=\"3034\" data-type=\"image\" class=\"fg-thumb\"><span class=\"fg-image-wrap\"><img decoding=\"async\" alt=\"Hundefotografie in Wadern\/Saarland\" width=\"300\" height=\"300\" class=\"skip-lazy fg-image\" data-src-fg=\"https:\/\/www.fotostudio-tinamann.de\/wp-content\/uploads\/cache\/2024\/04\/FotostudioTinaMann_4081\/1384496175.jpg\" src=\"data:image\/svg+xml,%3Csvg%20xmlns%3D%22http%3A%2F%2Fwww.w3.org%2F2000%2Fsvg%22%20width%3D%22300%22%20height%3D%22300%22%20viewBox%3D%220%200%20300%20300%22%3E%3C%2Fsvg%3E\" loading=\"eager\"><\/span><span class=\"fg-image-overlay\"><\/span><\/a><\/figure><div class=\"fg-loader\"><\/div><\/div><div class=\"fg-item fg-type-image fg-idle\"><figure class=\"fg-item-inner\"><a data-attachment-id=\"3165\" data-type=\"image\" class=\"fg-thumb\"><span class=\"fg-image-wrap\"><img decoding=\"async\" alt=\"Kommunionaufnahmen Outdoor - M\u00e4dchen im Kommunionkleid mit Kerze\" width=\"300\" height=\"300\" class=\"skip-lazy fg-image\" data-src-fg=\"https:\/\/www.fotostudio-tinamann.de\/wp-content\/uploads\/cache\/2026\/01\/FotostudioTinaMann_8294\/1779126530.jpg\" src=\"data:image\/svg+xml,%3Csvg%20xmlns%3D%22http%3A%2F%2Fwww.w3.org%2F2000%2Fsvg%22%20width%3D%22300%22%20height%3D%22300%22%20viewBox%3D%220%200%20300%20300%22%3E%3C%2Fsvg%3E\" loading=\"eager\"><\/span><span class=\"fg-image-overlay\"><\/span><\/a><\/figure><div class=\"fg-loader\"><\/div><\/div><div class=\"fg-item fg-type-image fg-idle\"><figure class=\"fg-item-inner\"><a data-attachment-id=\"3155\" data-type=\"image\" class=\"fg-thumb\"><span class=\"fg-image-wrap\"><img decoding=\"async\" alt=\"Nat\u00fcrliches Babybauchshooting im Freien\" width=\"300\" height=\"300\" class=\"skip-lazy fg-image\" data-src-fg=\"https:\/\/www.fotostudio-tinamann.de\/wp-content\/uploads\/cache\/2026\/01\/FotostudioTinaMann_3370\/674851069.jpg\" src=\"data:image\/svg+xml,%3Csvg%20xmlns%3D%22http%3A%2F%2Fwww.w3.org%2F2000%2Fsvg%22%20width%3D%22300%22%20height%3D%22300%22%20viewBox%3D%220%200%20300%20300%22%3E%3C%2Fsvg%3E\" loading=\"eager\"><\/span><span class=\"fg-image-overlay\"><\/span><\/a><\/figure><div class=\"fg-loader\"><\/div><\/div><div class=\"fg-item fg-type-image fg-idle\"><figure class=\"fg-item-inner\"><a data-attachment-id=\"1964\" data-type=\"image\" class=\"fg-thumb\"><span class=\"fg-image-wrap\"><img decoding=\"async\" alt=\"Neugeborenenshooting im Studio in Wadern\/Saarland\" width=\"300\" height=\"300\" class=\"skip-lazy fg-image\" data-src-fg=\"https:\/\/www.fotostudio-tinamann.de\/wp-content\/uploads\/cache\/2019\/04\/FotostudioTinaMann_9986\/1766547691.jpg\" src=\"data:image\/svg+xml,%3Csvg%20xmlns%3D%22http%3A%2F%2Fwww.w3.org%2F2000%2Fsvg%22%20width%3D%22300%22%20height%3D%22300%22%20viewBox%3D%220%200%20300%20300%22%3E%3C%2Fsvg%3E\" loading=\"eager\"><\/span><span class=\"fg-image-overlay\"><\/span><\/a><\/figure><div class=\"fg-loader\"><\/div><\/div><\/div>\n\n\n\n<p><\/p>\n\n\n\n<p class=\"has-text-align-center\"><strong>Herzlich Willkommen im Fotostudio Tina Mann in Wadern im sch\u00f6nen Nordsaarland \u2013 eure Fotografenmeisterin f\u00fcr nat\u00fcrliche<br>Baby- , Kinder- und Familienfotografie sowie liebevolle Hundefotografie. <\/strong><\/p>\n\n\n\n<p class=\"has-text-align-left\">Mit viel Herz, Erfahrung und einem entspannten Blick f\u00fcr echte Momente halte ich Erinnerungen fest, die euch ein Leben lang begleiten.<\/p>\n\n\n\n<p>Besonders am Herzen liegt mir die <a href=\"https:\/\/www.fotostudio-tinamann.de\/?page_id=142\" type=\"page\" id=\"142\">Neugeborene<\/a>nfotografie. Mit viel Ruhe, Zeit und einem sicheren Blick f\u00fcr die ersten kostbaren Tage schaffe ich eine entspannte Atmosph\u00e4re, in der nat\u00fcrliche und liebevolle Erinnerungen entstehen d\u00fcrfen. <\/p>\n\n\n\n<p class=\"has-text-align-left\">Wenn ihr Fragen zu meinen Shootings habt, mehr \u00fcber den Ablauf wissen m\u00f6chtet oder einfach einen Termin vereinbaren wollt \u2013 schreibt mir jederzeit ganz problemlos per Mail an: <a>info@fotostudio-tinamann.de<\/a>.<br>Ich bin viel unterwegs und eure Nachrichten erreichen mich nicht immer sofort, aber ich melde mich zuverl\u00e4ssig und so schnell wie m\u00f6glich zur\u00fcck.<\/p>\n\n\n\n<p class=\"has-text-align-left\">Nat\u00fcrlich k\u00f6nnt ihr mich auch telefonisch erreichen: +49 6871 9091922<br>(Falls ich gerade im Shooting oder unterwegs bin, sprecht mir bitte kurz auf die Sprachbox \u2013 ich rufe euch so schnell wie m\u00f6glich zur\u00fcck.)<\/p>\n\n\n\n<p class=\"has-text-align-left\">Lasst uns gemeinsam eure besonderen Momente festhalten.<br>Ich freue mich auf euch!<\/p>\n\n\n\n<p class=\"has-text-align-left\"><strong>Herzlichst, eure Tina<\/strong> \ud83e\udd0d<\/p>\n\n\n\n<p>Und wenn du mich noch ein wenig n\u00e4her kennenlernen m\u00f6chtest, dann schau gerne hier einmal: <a href=\"https:\/\/www.fotostudio-tinamann.de\/?page_id=21\" type=\"page\" id=\"21\">\u00dcber mich<\/a><\/p>\n","protected":false},"excerpt":{"rendered":"<p>An der Kirche 11 \u00b7 66687 Wadern \u00b7 info@fotostudio-tinamann.de \u00b7 06871 9091922 Herzlich Willkommen im Fotostudio Tina Mann in Wadern im sch\u00f6nen Nordsaarland \u2013 eure Fotografenmeisterin f\u00fcr nat\u00fcrlicheBaby- , Kinder- und Familienfotografie sowie liebevolle Hundefotografie. Mit viel Herz, Erfahrung und einem entspannten Blick f\u00fcr echte Momente halte ich Erinnerungen fest, die euch ein Leben lang [&hellip;]<\/p>\n","protected":false},"author":2,"featured_media":0,"parent":0,"menu_order":0,"comment_status":"closed","ping_status":"closed","template":"","meta":{"footnotes":""},"class_list":["post-3426","page","type-page","status-publish","hentry"],"yoast_head":"<!-- This site is optimized with the Yoast SEO plugin v27.4 - https:\/\/yoast.com\/product\/yoast-seo-wordpress\/ -->\n<title>Fotostudio Tina Mann - Wadern -<\/title>\n<meta name=\"description\" content=\"Fotostudio Tina Mann in Wadern \u2013 nat\u00fcrliche Baby-, Kinder- und Familienfotografie sowie liebevolle Hundefotografie im Nordsaarland.\" \/>\n<meta name=\"robots\" content=\"index, follow, max-snippet:-1, max-image-preview:large, max-video-preview:-1\" \/>\n<link rel=\"canonical\" href=\"https:\/\/www.fotostudio-tinamann.de\/\" \/>\n<meta property=\"og:locale\" content=\"de_DE\" \/>\n<meta property=\"og:type\" content=\"article\" \/>\n<meta property=\"og:title\" content=\"Fotostudio Tina Mann - Wadern -\" \/>\n<meta property=\"og:description\" content=\"Fotostudio Tina Mann in Wadern \u2013 nat\u00fcrliche Baby-, Kinder- und Familienfotografie sowie liebevolle Hundefotografie im Nordsaarland.\" \/>\n<meta property=\"og:url\" content=\"https:\/\/www.fotostudio-tinamann.de\/\" \/>\n<meta property=\"article:publisher\" content=\"https:\/\/www.facebook.com\/Fotostudio-Tina-Mann-266855836793786\" \/>\n<meta property=\"article:modified_time\" content=\"2026-01-27T13:08:39+00:00\" \/>\n<meta property=\"og:image\" content=\"https:\/\/www.fotostudio-tinamann.de\/wp-content\/uploads\/2026\/01\/cropped-Elegantes-Fotostudio-Logo.jpg\" \/>\n\t<meta property=\"og:image:width\" content=\"933\" \/>\n\t<meta property=\"og:image:height\" content=\"399\" \/>\n\t<meta property=\"og:image:type\" content=\"image\/jpeg\" \/>\n<meta name=\"twitter:card\" content=\"summary_large_image\" \/>\n<meta name=\"twitter:label1\" content=\"Gesch\u00e4tzte Lesezeit\" \/>\n\t<meta name=\"twitter:data1\" content=\"2\u00a0Minuten\" \/>\n<script type=\"application\/ld+json\" class=\"yoast-schema-graph\">{\"@context\":\"https:\\\/\\\/schema.org\",\"@graph\":[{\"@type\":\"WebPage\",\"@id\":\"https:\\\/\\\/www.fotostudio-tinamann.de\\\/\",\"url\":\"https:\\\/\\\/www.fotostudio-tinamann.de\\\/\",\"name\":\"Fotostudio Tina Mann - Wadern -\",\"isPartOf\":{\"@id\":\"https:\\\/\\\/www.fotostudio-tinamann.de\\\/#website\"},\"primaryImageOfPage\":{\"@id\":\"https:\\\/\\\/www.fotostudio-tinamann.de\\\/#primaryimage\"},\"image\":{\"@id\":\"https:\\\/\\\/www.fotostudio-tinamann.de\\\/#primaryimage\"},\"thumbnailUrl\":\"https:\\\/\\\/www.fotostudio-tinamann.de\\\/wp-content\\\/uploads\\\/2026\\\/01\\\/cropped-Elegantes-Fotostudio-Logo.jpg\",\"datePublished\":\"2026-01-21T12:09:37+00:00\",\"dateModified\":\"2026-01-27T13:08:39+00:00\",\"description\":\"Fotostudio Tina Mann in Wadern \u2013 nat\u00fcrliche Baby-, Kinder- und Familienfotografie sowie liebevolle Hundefotografie im Nordsaarland.\",\"breadcrumb\":{\"@id\":\"https:\\\/\\\/www.fotostudio-tinamann.de\\\/#breadcrumb\"},\"inLanguage\":\"de\",\"potentialAction\":[{\"@type\":\"ReadAction\",\"target\":[\"https:\\\/\\\/www.fotostudio-tinamann.de\\\/\"]}]},{\"@type\":\"ImageObject\",\"inLanguage\":\"de\",\"@id\":\"https:\\\/\\\/www.fotostudio-tinamann.de\\\/#primaryimage\",\"url\":\"https:\\\/\\\/www.fotostudio-tinamann.de\\\/wp-content\\\/uploads\\\/2026\\\/01\\\/cropped-Elegantes-Fotostudio-Logo.jpg\",\"contentUrl\":\"https:\\\/\\\/www.fotostudio-tinamann.de\\\/wp-content\\\/uploads\\\/2026\\\/01\\\/cropped-Elegantes-Fotostudio-Logo.jpg\"},{\"@type\":\"BreadcrumbList\",\"@id\":\"https:\\\/\\\/www.fotostudio-tinamann.de\\\/#breadcrumb\",\"itemListElement\":[{\"@type\":\"ListItem\",\"position\":1,\"name\":\"Startseite\",\"item\":\"https:\\\/\\\/www.fotostudio-tinamann.de\\\/\"},{\"@type\":\"ListItem\",\"position\":2,\"name\":\"Fotostudio Tina Mann &#8211; Wadern\"}]},{\"@type\":\"WebSite\",\"@id\":\"https:\\\/\\\/www.fotostudio-tinamann.de\\\/#website\",\"url\":\"https:\\\/\\\/www.fotostudio-tinamann.de\\\/\",\"name\":\"Fotostudio Tina Mann\",\"description\":\"\",\"publisher\":{\"@id\":\"https:\\\/\\\/www.fotostudio-tinamann.de\\\/#organization\"},\"potentialAction\":[{\"@type\":\"SearchAction\",\"target\":{\"@type\":\"EntryPoint\",\"urlTemplate\":\"https:\\\/\\\/www.fotostudio-tinamann.de\\\/?s={search_term_string}\"},\"query-input\":{\"@type\":\"PropertyValueSpecification\",\"valueRequired\":true,\"valueName\":\"search_term_string\"}}],\"inLanguage\":\"de\"},{\"@type\":\"Organization\",\"@id\":\"https:\\\/\\\/www.fotostudio-tinamann.de\\\/#organization\",\"name\":\"Fotostudio Tina Mann\",\"url\":\"https:\\\/\\\/www.fotostudio-tinamann.de\\\/\",\"logo\":{\"@type\":\"ImageObject\",\"inLanguage\":\"de\",\"@id\":\"https:\\\/\\\/www.fotostudio-tinamann.de\\\/#\\\/schema\\\/logo\\\/image\\\/\",\"url\":\"https:\\\/\\\/www.fotostudio-tinamann.de\\\/wp-content\\\/uploads\\\/2020\\\/02\\\/Bildschirmfoto-2020-02-12-um-21.04.10.png\",\"contentUrl\":\"https:\\\/\\\/www.fotostudio-tinamann.de\\\/wp-content\\\/uploads\\\/2020\\\/02\\\/Bildschirmfoto-2020-02-12-um-21.04.10.png\",\"width\":842,\"height\":106,\"caption\":\"Fotostudio Tina Mann\"},\"image\":{\"@id\":\"https:\\\/\\\/www.fotostudio-tinamann.de\\\/#\\\/schema\\\/logo\\\/image\\\/\"},\"sameAs\":[\"https:\\\/\\\/www.facebook.com\\\/Fotostudio-Tina-Mann-266855836793786\"]}]}<\/script>\n<!-- \/ Yoast SEO plugin. -->","yoast_head_json":{"title":"Fotostudio Tina Mann - Wadern -","description":"Fotostudio Tina Mann in Wadern \u2013 nat\u00fcrliche Baby-, Kinder- und Familienfotografie sowie liebevolle Hundefotografie im Nordsaarland.","robots":{"index":"index","follow":"follow","max-snippet":"max-snippet:-1","max-image-preview":"max-image-preview:large","max-video-preview":"max-video-preview:-1"},"canonical":"https:\/\/www.fotostudio-tinamann.de\/","og_locale":"de_DE","og_type":"article","og_title":"Fotostudio Tina Mann - Wadern -","og_description":"Fotostudio Tina Mann in Wadern \u2013 nat\u00fcrliche Baby-, Kinder- und Familienfotografie sowie liebevolle Hundefotografie im Nordsaarland.","og_url":"https:\/\/www.fotostudio-tinamann.de\/","article_publisher":"https:\/\/www.facebook.com\/Fotostudio-Tina-Mann-266855836793786","article_modified_time":"2026-01-27T13:08:39+00:00","og_image":[{"width":933,"height":399,"url":"https:\/\/www.fotostudio-tinamann.de\/wp-content\/uploads\/2026\/01\/cropped-Elegantes-Fotostudio-Logo.jpg","type":"image\/jpeg"}],"twitter_card":"summary_large_image","twitter_misc":{"Gesch\u00e4tzte Lesezeit":"2\u00a0Minuten"},"schema":{"@context":"https:\/\/schema.org","@graph":[{"@type":"WebPage","@id":"https:\/\/www.fotostudio-tinamann.de\/","url":"https:\/\/www.fotostudio-tinamann.de\/","name":"Fotostudio Tina Mann - Wadern -","isPartOf":{"@id":"https:\/\/www.fotostudio-tinamann.de\/#website"},"primaryImageOfPage":{"@id":"https:\/\/www.fotostudio-tinamann.de\/#primaryimage"},"image":{"@id":"https:\/\/www.fotostudio-tinamann.de\/#primaryimage"},"thumbnailUrl":"https:\/\/www.fotostudio-tinamann.de\/wp-content\/uploads\/2026\/01\/cropped-Elegantes-Fotostudio-Logo.jpg","datePublished":"2026-01-21T12:09:37+00:00","dateModified":"2026-01-27T13:08:39+00:00","description":"Fotostudio Tina Mann in Wadern \u2013 nat\u00fcrliche Baby-, Kinder- und Familienfotografie sowie liebevolle Hundefotografie im Nordsaarland.","breadcrumb":{"@id":"https:\/\/www.fotostudio-tinamann.de\/#breadcrumb"},"inLanguage":"de","potentialAction":[{"@type":"ReadAction","target":["https:\/\/www.fotostudio-tinamann.de\/"]}]},{"@type":"ImageObject","inLanguage":"de","@id":"https:\/\/www.fotostudio-tinamann.de\/#primaryimage","url":"https:\/\/www.fotostudio-tinamann.de\/wp-content\/uploads\/2026\/01\/cropped-Elegantes-Fotostudio-Logo.jpg","contentUrl":"https:\/\/www.fotostudio-tinamann.de\/wp-content\/uploads\/2026\/01\/cropped-Elegantes-Fotostudio-Logo.jpg"},{"@type":"BreadcrumbList","@id":"https:\/\/www.fotostudio-tinamann.de\/#breadcrumb","itemListElement":[{"@type":"ListItem","position":1,"name":"Startseite","item":"https:\/\/www.fotostudio-tinamann.de\/"},{"@type":"ListItem","position":2,"name":"Fotostudio Tina Mann &#8211; Wadern"}]},{"@type":"WebSite","@id":"https:\/\/www.fotostudio-tinamann.de\/#website","url":"https:\/\/www.fotostudio-tinamann.de\/","name":"Fotostudio Tina Mann","description":"","publisher":{"@id":"https:\/\/www.fotostudio-tinamann.de\/#organization"},"potentialAction":[{"@type":"SearchAction","target":{"@type":"EntryPoint","urlTemplate":"https:\/\/www.fotostudio-tinamann.de\/?s={search_term_string}"},"query-input":{"@type":"PropertyValueSpecification","valueRequired":true,"valueName":"search_term_string"}}],"inLanguage":"de"},{"@type":"Organization","@id":"https:\/\/www.fotostudio-tinamann.de\/#organization","name":"Fotostudio Tina Mann","url":"https:\/\/www.fotostudio-tinamann.de\/","logo":{"@type":"ImageObject","inLanguage":"de","@id":"https:\/\/www.fotostudio-tinamann.de\/#\/schema\/logo\/image\/","url":"https:\/\/www.fotostudio-tinamann.de\/wp-content\/uploads\/2020\/02\/Bildschirmfoto-2020-02-12-um-21.04.10.png","contentUrl":"https:\/\/www.fotostudio-tinamann.de\/wp-content\/uploads\/2020\/02\/Bildschirmfoto-2020-02-12-um-21.04.10.png","width":842,"height":106,"caption":"Fotostudio Tina Mann"},"image":{"@id":"https:\/\/www.fotostudio-tinamann.de\/#\/schema\/logo\/image\/"},"sameAs":["https:\/\/www.facebook.com\/Fotostudio-Tina-Mann-266855836793786"]}]}},"_links":{"self":[{"href":"https:\/\/www.fotostudio-tinamann.de\/index.php?rest_route=\/wp\/v2\/pages\/3426","targetHints":{"allow":["GET"]}}],"collection":[{"href":"https:\/\/www.fotostudio-tinamann.de\/index.php?rest_route=\/wp\/v2\/pages"}],"about":[{"href":"https:\/\/www.fotostudio-tinamann.de\/index.php?rest_route=\/wp\/v2\/types\/page"}],"author":[{"embeddable":true,"href":"https:\/\/www.fotostudio-tinamann.de\/index.php?rest_route=\/wp\/v2\/users\/2"}],"replies":[{"embeddable":true,"href":"https:\/\/www.fotostudio-tinamann.de\/index.php?rest_route=%2Fwp%2Fv2%2Fcomments&post=3426"}],"version-history":[{"count":24,"href":"https:\/\/www.fotostudio-tinamann.de\/index.php?rest_route=\/wp\/v2\/pages\/3426\/revisions"}],"predecessor-version":[{"id":3565,"href":"https:\/\/www.fotostudio-tinamann.de\/index.php?rest_route=\/wp\/v2\/pages\/3426\/revisions\/3565"}],"wp:attachment":[{"href":"https:\/\/www.fotostudio-tinamann.de\/index.php?rest_route=%2Fwp%2Fv2%2Fmedia&parent=3426"}],"curies":[{"name":"wp","href":"https:\/\/api.w.org\/{rel}","templated":true}]}}