{"id":21,"date":"2012-12-23T12:31:36","date_gmt":"2012-12-23T12:31:36","guid":{"rendered":"http:\/\/www.it-schillo.de\/fotostudio\/?page_id=21"},"modified":"2026-01-29T14:17:53","modified_gmt":"2026-01-29T13:17:53","slug":"ueber-mich","status":"publish","type":"page","link":"https:\/\/www.fotostudio-tinamann.de\/?page_id=21","title":{"rendered":"\u00dcber mich"},"content":{"rendered":"\n<p><em>Fotostudio Tina Mann &#8211; Fotografenmeisterin aus dem Saarland &#8211; mit Herz, Erfahrung und Feingef\u00fchl<\/em><\/p>\n\n\n<div class=\"wp-block-image\">\n<figure class=\"alignright size-large is-resized\"><a href=\"https:\/\/www.fotostudio-tinamann.de\/wp-content\/uploads\/2026\/01\/FotostudioTinaMann_1206_9x13.jpg\"><img loading=\"lazy\" decoding=\"async\" width=\"709\" height=\"1024\" src=\"https:\/\/www.fotostudio-tinamann.de\/wp-content\/uploads\/2026\/01\/FotostudioTinaMann_1206_9x13-709x1024.jpg\" alt=\"\" class=\"wp-image-3345\" style=\"aspect-ratio:0.6666666666666666;width:203px;height:auto\" srcset=\"https:\/\/www.fotostudio-tinamann.de\/wp-content\/uploads\/2026\/01\/FotostudioTinaMann_1206_9x13-709x1024.jpg 709w, https:\/\/www.fotostudio-tinamann.de\/wp-content\/uploads\/2026\/01\/FotostudioTinaMann_1206_9x13-208x300.jpg 208w, https:\/\/www.fotostudio-tinamann.de\/wp-content\/uploads\/2026\/01\/FotostudioTinaMann_1206_9x13-768x1110.jpg 768w, https:\/\/www.fotostudio-tinamann.de\/wp-content\/uploads\/2026\/01\/FotostudioTinaMann_1206_9x13-323x467.jpg 323w, https:\/\/www.fotostudio-tinamann.de\/wp-content\/uploads\/2026\/01\/FotostudioTinaMann_1206_9x13-624x902.jpg 624w, https:\/\/www.fotostudio-tinamann.de\/wp-content\/uploads\/2026\/01\/FotostudioTinaMann_1206_9x13.jpg 1063w\" sizes=\"auto, (max-width: 709px) 100vw, 709px\" \/><\/a><\/figure>\n<\/div>\n\n\n<p>Hey,<br><br>sch\u00f6n, dass du da bist und den Weg zu meiner Homepage gefunden hast.<\/p>\n\n\n\n<p>Ich hei\u00dfe Tina und liebe Schokolade und Streifz\u00fcge durch die Natur mit meinem Hund in meiner Freizeit. Dabei entdecke ich auch immer wieder tolle Pl\u00e4tze, die sich hervorragend f\u00fcr meine Shootings eignen.<\/p>\n\n\n\n<p>Ich lebe mit meinem Mann Thomas und unserem Hund in Wadern, einer kleinen, gem\u00fctlichen Stadt im n\u00f6rdlichen Saarland, wo ich auch nun schon seit mehr als 20 Jahren mein eigenes Studio habe.<\/p>\n\n\n\n<p>Ich bin ein sehr gef\u00fchlvoller, emotionaler und lustiger Mensch, was ich auch mit meinen Bildern ausdr\u00fccken m\u00f6chte. <\/p>\n\n\n\n<p>Schau dir gerne mein Portfolio an und \u00fcberzeuge dich selbst! Und solltest du noch Fragen haben, schreibe mir gerne eine e-Mail oder rufe an! Ich bin f\u00fcr alle Ideen und Fragen offen und freue mich, dich kennenzulernen.<\/p>\n\n\n\n<p>Deine Tina<\/p>\n\n\n\n<p>P.S. Und wenn du noch ein wenig mehr \u00fcber mich erfahren m\u00f6chtest, lies einfach weiter. Denn dann kannst du 10 Fakten \u00fcber mich erfahren, die mich etwas n\u00e4her bschreiben&#8230; \ud83d\ude42<\/p>\n\n\n\n<h4 class=\"wp-block-heading\" id=\"h-10-personliche-dinge-uber-mich\">10 Pers\u00f6nliche Dinge \u00fcber mich<\/h4>\n\n\n\n<ul class=\"wp-block-list\">\n<li>Ich bin, was meine Arbeit angeht (Shootingvorbereitung, Terminplanung, Ablauf, Bearbeitung usw.), mehr als pingelig und setze mich damit oft selbst ziemlich unter Druck. <\/li>\n\n\n\n<li>Ich liebe meinen Mann, unseren Hund und Schokolade.<\/li>\n\n\n\n<li>Ich habe ein gutes Personenged\u00e4chtnis, aber kein Namensged\u00e4chtnis. Und das kann manchmal schon sehr unangenehm sein, wenn man Menschen kennt, aber nicht wei\u00df, wie sie hei\u00dfen.<\/li>\n\n\n\n<li>Ich habe den sch\u00f6nsten Beruf der Welt und bin unendlich dankbar, f\u00fcr Menschen Erinnerungen f\u00fcr die Ewigkeit erschaffen zu d\u00fcrfen.<\/li>\n\n\n\n<li>Ich bin ein sehr sensibler und emotionaler Mensch. Hochzeiten gehen mir auch immer noch, nach \u00fcber 30 Jahren in diesem Beruf, unter die Haut.<\/li>\n\n\n\n<li>Ich lese unheimlich gerne.<\/li>\n\n\n\n<li>Ich liebe es mit meinem Hund im Regen spazieren zu gehen und anschlie\u00dfend, mich mit Hund, Tee und einem guten Buch auf die Couch zu kuscheln.<\/li>\n\n\n\n<li>Ich liebe die Weihnachtszeit mit Kerzen und Lichterketten.<\/li>\n\n\n\n<li>Ich w\u00fcrde sehr gerne malen k\u00f6nnen, aber leider fehlt mir das dazu n\u00f6tige Talent.<\/li>\n\n\n\n<li>Im Fr\u00fchjahr kann ich es kaum erwarten, dass es drau\u00dfen warm wird und ich unsere Terrasse sch\u00f6n herrichten kann. Und im Herbst freue ich mich auf die l\u00e4nger werdenden Abende, die man, eingekuschelt mit einem Glas Wein vor dem Kamin verbringen kann.<\/li>\n<\/ul>\n\n\n\n<p><a href=\"https:\/\/www.fotostudio-tinamann.de\/?page_id=380\">babybauchfotos<\/a>, <a href=\"https:\/\/www.fotostudio-tinamann.de\/?page_id=142\">neugeborene<\/a>, <a href=\"https:\/\/www.fotostudio-tinamann.de\/?page_id=376\">kinder und familie<\/a>, <a href=\"https:\/\/www.fotostudio-tinamann.de\/?page_id=378\">portrait und paare<\/a>, <a href=\"https:\/\/www.fotostudio-tinamann.de\/?page_id=2033\" type=\"page\" id=\"2033\">Hundefotografie \u2013 Galerie<\/a><\/p>\n\n\n\n<p><\/p>\n","protected":false},"excerpt":{"rendered":"<p>Fotostudio Tina Mann &#8211; Fotografenmeisterin aus dem Saarland &#8211; mit Herz, Erfahrung und Feingef\u00fchl Hey, sch\u00f6n, dass du da bist und den Weg zu meiner Homepage gefunden hast. Ich hei\u00dfe Tina und liebe Schokolade und Streifz\u00fcge durch die Natur mit meinem Hund in meiner Freizeit. Dabei entdecke ich auch immer wieder tolle Pl\u00e4tze, die sich [&hellip;]<\/p>\n","protected":false},"author":2,"featured_media":0,"parent":0,"menu_order":0,"comment_status":"closed","ping_status":"closed","template":"page-templates\/front-page.php","meta":{"footnotes":""},"class_list":["post-21","page","type-page","status-publish","hentry"],"yoast_head":"<!-- This site is optimized with the Yoast SEO plugin v27.1.1 - https:\/\/yoast.com\/product\/yoast-seo-wordpress\/ -->\n<title>\u00dcber mich - Fotostudio Tina Mann - Wadern\/Saarland<\/title>\n<meta name=\"description\" content=\"Hey, sch\u00f6n, dass du da bist. Hier findest du ein paar pers\u00f6nliche Infos \u00fcber mich und kannst mich schon mal etwas kennenlernen.\" \/>\n<meta name=\"robots\" content=\"index, follow, max-snippet:-1, max-image-preview:large, max-video-preview:-1\" \/>\n<link rel=\"canonical\" href=\"https:\/\/www.fotostudio-tinamann.de\/?page_id=21\" \/>\n<meta property=\"og:locale\" content=\"de_DE\" \/>\n<meta property=\"og:type\" content=\"article\" \/>\n<meta property=\"og:title\" content=\"\u00dcber mich - Fotostudio Tina Mann - Wadern\/Saarland\" \/>\n<meta property=\"og:description\" content=\"Hey, sch\u00f6n, dass du da bist. Hier findest du ein paar pers\u00f6nliche Infos \u00fcber mich und kannst mich schon mal etwas kennenlernen.\" \/>\n<meta property=\"og:url\" content=\"https:\/\/www.fotostudio-tinamann.de\/?page_id=21\" \/>\n<meta property=\"article:publisher\" content=\"https:\/\/www.facebook.com\/Fotostudio-Tina-Mann-266855836793786\" \/>\n<meta property=\"article:modified_time\" content=\"2026-01-29T13:17:53+00:00\" \/>\n<meta property=\"og:image\" content=\"https:\/\/www.fotostudio-tinamann.de\/wp-content\/uploads\/2026\/01\/FotostudioTinaMann_1206_9x13.jpg\" \/>\n\t<meta property=\"og:image:width\" content=\"1063\" \/>\n\t<meta property=\"og:image:height\" content=\"1536\" \/>\n\t<meta property=\"og:image:type\" content=\"image\/jpeg\" \/>\n<meta name=\"twitter:card\" content=\"summary_large_image\" \/>\n<meta name=\"twitter:label1\" content=\"Gesch\u00e4tzte Lesezeit\" \/>\n\t<meta name=\"twitter:data1\" content=\"3\u00a0Minuten\" \/>\n<script type=\"application\/ld+json\" class=\"yoast-schema-graph\">{\"@context\":\"https:\/\/schema.org\",\"@graph\":[{\"@type\":\"WebPage\",\"@id\":\"https:\/\/www.fotostudio-tinamann.de\/?page_id=21\",\"url\":\"https:\/\/www.fotostudio-tinamann.de\/?page_id=21\",\"name\":\"\u00dcber mich - Fotostudio Tina Mann - Wadern\/Saarland\",\"isPartOf\":{\"@id\":\"https:\/\/www.fotostudio-tinamann.de\/#website\"},\"primaryImageOfPage\":{\"@id\":\"https:\/\/www.fotostudio-tinamann.de\/?page_id=21#primaryimage\"},\"image\":{\"@id\":\"https:\/\/www.fotostudio-tinamann.de\/?page_id=21#primaryimage\"},\"thumbnailUrl\":\"https:\/\/www.fotostudio-tinamann.de\/wp-content\/uploads\/2026\/01\/FotostudioTinaMann_1206_9x13-709x1024.jpg\",\"datePublished\":\"2012-12-23T12:31:36+00:00\",\"dateModified\":\"2026-01-29T13:17:53+00:00\",\"description\":\"Hey, sch\u00f6n, dass du da bist. Hier findest du ein paar pers\u00f6nliche Infos \u00fcber mich und kannst mich schon mal etwas kennenlernen.\",\"breadcrumb\":{\"@id\":\"https:\/\/www.fotostudio-tinamann.de\/?page_id=21#breadcrumb\"},\"inLanguage\":\"de\",\"potentialAction\":[{\"@type\":\"ReadAction\",\"target\":[\"https:\/\/www.fotostudio-tinamann.de\/?page_id=21\"]}]},{\"@type\":\"ImageObject\",\"inLanguage\":\"de\",\"@id\":\"https:\/\/www.fotostudio-tinamann.de\/?page_id=21#primaryimage\",\"url\":\"https:\/\/www.fotostudio-tinamann.de\/wp-content\/uploads\/2026\/01\/FotostudioTinaMann_1206_9x13.jpg\",\"contentUrl\":\"https:\/\/www.fotostudio-tinamann.de\/wp-content\/uploads\/2026\/01\/FotostudioTinaMann_1206_9x13.jpg\",\"width\":1063,\"height\":1536},{\"@type\":\"BreadcrumbList\",\"@id\":\"https:\/\/www.fotostudio-tinamann.de\/?page_id=21#breadcrumb\",\"itemListElement\":[{\"@type\":\"ListItem\",\"position\":1,\"name\":\"Startseite\",\"item\":\"https:\/\/www.fotostudio-tinamann.de\/\"},{\"@type\":\"ListItem\",\"position\":2,\"name\":\"\u00dcber mich\"}]},{\"@type\":\"WebSite\",\"@id\":\"https:\/\/www.fotostudio-tinamann.de\/#website\",\"url\":\"https:\/\/www.fotostudio-tinamann.de\/\",\"name\":\"Fotostudio Tina Mann\",\"description\":\"\",\"publisher\":{\"@id\":\"https:\/\/www.fotostudio-tinamann.de\/#organization\"},\"potentialAction\":[{\"@type\":\"SearchAction\",\"target\":{\"@type\":\"EntryPoint\",\"urlTemplate\":\"https:\/\/www.fotostudio-tinamann.de\/?s={search_term_string}\"},\"query-input\":{\"@type\":\"PropertyValueSpecification\",\"valueRequired\":true,\"valueName\":\"search_term_string\"}}],\"inLanguage\":\"de\"},{\"@type\":\"Organization\",\"@id\":\"https:\/\/www.fotostudio-tinamann.de\/#organization\",\"name\":\"Fotostudio Tina Mann\",\"url\":\"https:\/\/www.fotostudio-tinamann.de\/\",\"logo\":{\"@type\":\"ImageObject\",\"inLanguage\":\"de\",\"@id\":\"https:\/\/www.fotostudio-tinamann.de\/#\/schema\/logo\/image\/\",\"url\":\"https:\/\/www.fotostudio-tinamann.de\/wp-content\/uploads\/2020\/02\/Bildschirmfoto-2020-02-12-um-21.04.10.png\",\"contentUrl\":\"https:\/\/www.fotostudio-tinamann.de\/wp-content\/uploads\/2020\/02\/Bildschirmfoto-2020-02-12-um-21.04.10.png\",\"width\":842,\"height\":106,\"caption\":\"Fotostudio Tina Mann\"},\"image\":{\"@id\":\"https:\/\/www.fotostudio-tinamann.de\/#\/schema\/logo\/image\/\"},\"sameAs\":[\"https:\/\/www.facebook.com\/Fotostudio-Tina-Mann-266855836793786\"]}]}<\/script>\n<!-- \/ Yoast SEO plugin. -->","yoast_head_json":{"title":"\u00dcber mich - Fotostudio Tina Mann - Wadern\/Saarland","description":"Hey, sch\u00f6n, dass du da bist. Hier findest du ein paar pers\u00f6nliche Infos \u00fcber mich und kannst mich schon mal etwas kennenlernen.","robots":{"index":"index","follow":"follow","max-snippet":"max-snippet:-1","max-image-preview":"max-image-preview:large","max-video-preview":"max-video-preview:-1"},"canonical":"https:\/\/www.fotostudio-tinamann.de\/?page_id=21","og_locale":"de_DE","og_type":"article","og_title":"\u00dcber mich - Fotostudio Tina Mann - Wadern\/Saarland","og_description":"Hey, sch\u00f6n, dass du da bist. Hier findest du ein paar pers\u00f6nliche Infos \u00fcber mich und kannst mich schon mal etwas kennenlernen.","og_url":"https:\/\/www.fotostudio-tinamann.de\/?page_id=21","article_publisher":"https:\/\/www.facebook.com\/Fotostudio-Tina-Mann-266855836793786","article_modified_time":"2026-01-29T13:17:53+00:00","og_image":[{"width":1063,"height":1536,"url":"https:\/\/www.fotostudio-tinamann.de\/wp-content\/uploads\/2026\/01\/FotostudioTinaMann_1206_9x13.jpg","type":"image\/jpeg"}],"twitter_card":"summary_large_image","twitter_misc":{"Gesch\u00e4tzte Lesezeit":"3\u00a0Minuten"},"schema":{"@context":"https:\/\/schema.org","@graph":[{"@type":"WebPage","@id":"https:\/\/www.fotostudio-tinamann.de\/?page_id=21","url":"https:\/\/www.fotostudio-tinamann.de\/?page_id=21","name":"\u00dcber mich - Fotostudio Tina Mann - Wadern\/Saarland","isPartOf":{"@id":"https:\/\/www.fotostudio-tinamann.de\/#website"},"primaryImageOfPage":{"@id":"https:\/\/www.fotostudio-tinamann.de\/?page_id=21#primaryimage"},"image":{"@id":"https:\/\/www.fotostudio-tinamann.de\/?page_id=21#primaryimage"},"thumbnailUrl":"https:\/\/www.fotostudio-tinamann.de\/wp-content\/uploads\/2026\/01\/FotostudioTinaMann_1206_9x13-709x1024.jpg","datePublished":"2012-12-23T12:31:36+00:00","dateModified":"2026-01-29T13:17:53+00:00","description":"Hey, sch\u00f6n, dass du da bist. Hier findest du ein paar pers\u00f6nliche Infos \u00fcber mich und kannst mich schon mal etwas kennenlernen.","breadcrumb":{"@id":"https:\/\/www.fotostudio-tinamann.de\/?page_id=21#breadcrumb"},"inLanguage":"de","potentialAction":[{"@type":"ReadAction","target":["https:\/\/www.fotostudio-tinamann.de\/?page_id=21"]}]},{"@type":"ImageObject","inLanguage":"de","@id":"https:\/\/www.fotostudio-tinamann.de\/?page_id=21#primaryimage","url":"https:\/\/www.fotostudio-tinamann.de\/wp-content\/uploads\/2026\/01\/FotostudioTinaMann_1206_9x13.jpg","contentUrl":"https:\/\/www.fotostudio-tinamann.de\/wp-content\/uploads\/2026\/01\/FotostudioTinaMann_1206_9x13.jpg","width":1063,"height":1536},{"@type":"BreadcrumbList","@id":"https:\/\/www.fotostudio-tinamann.de\/?page_id=21#breadcrumb","itemListElement":[{"@type":"ListItem","position":1,"name":"Startseite","item":"https:\/\/www.fotostudio-tinamann.de\/"},{"@type":"ListItem","position":2,"name":"\u00dcber mich"}]},{"@type":"WebSite","@id":"https:\/\/www.fotostudio-tinamann.de\/#website","url":"https:\/\/www.fotostudio-tinamann.de\/","name":"Fotostudio Tina Mann","description":"","publisher":{"@id":"https:\/\/www.fotostudio-tinamann.de\/#organization"},"potentialAction":[{"@type":"SearchAction","target":{"@type":"EntryPoint","urlTemplate":"https:\/\/www.fotostudio-tinamann.de\/?s={search_term_string}"},"query-input":{"@type":"PropertyValueSpecification","valueRequired":true,"valueName":"search_term_string"}}],"inLanguage":"de"},{"@type":"Organization","@id":"https:\/\/www.fotostudio-tinamann.de\/#organization","name":"Fotostudio Tina Mann","url":"https:\/\/www.fotostudio-tinamann.de\/","logo":{"@type":"ImageObject","inLanguage":"de","@id":"https:\/\/www.fotostudio-tinamann.de\/#\/schema\/logo\/image\/","url":"https:\/\/www.fotostudio-tinamann.de\/wp-content\/uploads\/2020\/02\/Bildschirmfoto-2020-02-12-um-21.04.10.png","contentUrl":"https:\/\/www.fotostudio-tinamann.de\/wp-content\/uploads\/2020\/02\/Bildschirmfoto-2020-02-12-um-21.04.10.png","width":842,"height":106,"caption":"Fotostudio Tina Mann"},"image":{"@id":"https:\/\/www.fotostudio-tinamann.de\/#\/schema\/logo\/image\/"},"sameAs":["https:\/\/www.facebook.com\/Fotostudio-Tina-Mann-266855836793786"]}]}},"_links":{"self":[{"href":"https:\/\/www.fotostudio-tinamann.de\/index.php?rest_route=\/wp\/v2\/pages\/21","targetHints":{"allow":["GET"]}}],"collection":[{"href":"https:\/\/www.fotostudio-tinamann.de\/index.php?rest_route=\/wp\/v2\/pages"}],"about":[{"href":"https:\/\/www.fotostudio-tinamann.de\/index.php?rest_route=\/wp\/v2\/types\/page"}],"author":[{"embeddable":true,"href":"https:\/\/www.fotostudio-tinamann.de\/index.php?rest_route=\/wp\/v2\/users\/2"}],"replies":[{"embeddable":true,"href":"https:\/\/www.fotostudio-tinamann.de\/index.php?rest_route=%2Fwp%2Fv2%2Fcomments&post=21"}],"version-history":[{"count":32,"href":"https:\/\/www.fotostudio-tinamann.de\/index.php?rest_route=\/wp\/v2\/pages\/21\/revisions"}],"predecessor-version":[{"id":3566,"href":"https:\/\/www.fotostudio-tinamann.de\/index.php?rest_route=\/wp\/v2\/pages\/21\/revisions\/3566"}],"wp:attachment":[{"href":"https:\/\/www.fotostudio-tinamann.de\/index.php?rest_route=%2Fwp%2Fv2%2Fmedia&parent=21"}],"curies":[{"name":"wp","href":"https:\/\/api.w.org\/{rel}","templated":true}]}}